{"id":33,"date":"2020-03-20T09:44:38","date_gmt":"2020-03-20T08:44:38","guid":{"rendered":"https:\/\/cmcv.momentum360.es\/?page_id=33"},"modified":"2020-03-20T09:44:38","modified_gmt":"2020-03-20T08:44:38","slug":"politica-de-cookies","status":"publish","type":"page","link":"https:\/\/resistencies.consorcimuseus.gva.es\/es\/politica-de-cookies\/","title":{"rendered":"Pol\u00edtica de cookies"},"content":{"rendered":"<div class=\"wpb-content-wrapper\"><p>[vc_row][vc_column][vc_column_text]<span style=\"color: #000000;\"><strong>POL\u00cdTICA DE COOKIES<\/strong><\/span><\/p>\n<p>Seg\u00fan lo dispuesto en el art\u00edculo 22.2 de la Ley 34\/2002, de 11 de julio, de Servicios de la Sociedad de la Informaci\u00f3n y de Comercio Electr\u00f3nico (LSSI-CE), CONSORCI DE MUSEUS DE LA COMUNITAT VALENCIANA informa que este sitio web utiliza cookies propias y de terceros para recopilar informaci\u00f3n con la finalidad de mejorar nuestros servicios.<\/p>\n<p>Los servicios de terceros corresponden a Google Analytics, la red social Facebook y Linkedin, quienes usan cookies que son almacenadas en el mismo momento en que el visitante entra en el Website, para realizar estad\u00edsticas sobre visitas y tiempos de visita, y comunicar el mismo con las redes sociales expuestas, para una finalidad de promoci\u00f3n y comunicaci\u00f3n. Estas cookies son gestionadas enteramente por Google y por las redes sociales expuestas arriba.<\/p>\n<p>Si continua navegando, supone la aceptaci\u00f3n de la instalaci\u00f3n de las mismas.<\/p>\n<p>El usuario tiene la posibilidad de configurar su navegador pudiendo, si as\u00ed lo desea, impedir que sean instaladas en su disco duro, aunque deber\u00e1 tener en cuenta que dicha acci\u00f3n podr\u00e1 ocasionar dificultades de navegaci\u00f3n de la p\u00e1gina web.<\/p>\n<p>A continuaci\u00f3n le proporcionamos los enlaces de diversos navegadores, a trav\u00e9s de los cuales podr\u00e1 realizar dicha configuraci\u00f3n:<\/p>\n<p>Firefox desde aqu\u00ed: <a href=\"http:\/\/support.mozilla.org\/es\/kb\/habilitar-y-deshabilitar-cookies-que-lossitios-we\">http:\/\/support.mozilla.org\/es\/kb\/habilitar-y-deshabilitar-cookies-que-lossitios-we<\/a><\/p>\n<p>Chrome desde aqu\u00ed: <a href=\"http:\/\/support.google.com\/chrome\/bin\/answer.py?hl=es&amp;answer=95647\">http:\/\/support.google.com\/chrome\/bin\/answer.py?hl=es&amp;answer=95647<\/a><\/p>\n<p>Explorer desde aqu\u00ed: <a href=\"http:\/\/windows.microsoft.com\/es-es\/internet-explorer\/delete-managecookies#ie=ie-10\">http:\/\/windows.microsoft.com\/es-es\/internet-explorer\/delete-managecookies#ie=ie-10<\/a><\/p>\n<p>Safari desde aqu\u00ed: <a href=\"http:\/\/support.apple.com\/kb\/ph5042\">http:\/\/support.apple.com\/kb\/ph5042<\/a><\/p>\n<p>Opera desde aqu\u00ed: <a href=\"http:\/\/help.opera.com\/Windows\/11.50\/es-ES\/cookies.html\">http:\/\/help.opera.com\/Windows\/11.50\/es-ES\/cookies.html<\/a><\/p>\n<p>&nbsp;<\/p>\n<p><span style=\"color: #000000;\"><strong>CONDICIONES DE USO<\/strong><\/span><\/p>\n<p>En cumplimiento de la Ley 34\/2002, de 11 de julio, de Servicios de la Sociedad de la Informaci\u00f3n y de Comercio Electr\u00f3nico (LSSI-CE), CONSORCI DE MUSEUS DE LA COMUNITAT VALENCIANA informa que es titular del sitio web http:\/\/clamdesarrollo.com\/. De acuerdo con la exigencia del art\u00edculo 10 de la citada Ley, CONSORCI DE MUSEUS DE LA COMUNITAT VALENCIANA informa de los siguientes datos:<\/p>\n<p>El titular de este sitio web es CONSORCI DE MUSEUS DE LA COMUNITAT VALENCIANA, con CIF S9600006B y domicilio social en C\/ MUSEU N\u00ba 2 (46003) VALENCIA, La direcci\u00f3n de correo electr\u00f3nico de contacto con la empresa es: consorcidemuseus@gva.es<\/p>\n<p>&nbsp;<\/p>\n<p><span style=\"color: #000000;\"><strong>USUARIO Y R\u00c9GIMEN DE RESPONSABILIDADES<\/strong><\/span><\/p>\n<p>La navegaci\u00f3n, acceso y uso por el sitio web de CONSORCI DE MUSEUS DE LA COMUNITAT VALENCIANA confiere la condici\u00f3n de usuario, por la que se aceptan, desde la navegaci\u00f3n por el sitio web de CONSORCI DE MUSEUS DE LA COMUNITAT VALENCIANA, todas las condiciones de uso aqu\u00ed establecidas sin perjuicio de la aplicaci\u00f3n de la correspondiente normativa de obligado cumplimiento legal seg\u00fan el caso.<\/p>\n<p>El sitio web de CONSORCI DE MUSEUS DE LA COMUNITAT VALENCIANA proporciona gran diversidad de informaci\u00f3n, servicios y datos. El usuario asume su responsabilidad en el uso correcto del sitio web. Esta responsabilidad se extender\u00e1 a:<\/p>\n<p>La veracidad y licitud de las informaciones aportadas por el usuario en los formularios extendidos por CONSORCI DE MUSEUS DE LA COMUNITAT VALENCIANA para el acceso a ciertos contenidos o servicios ofrecidos por el web.<\/p>\n<p>El uso de la informaci\u00f3n, servicios y datos ofrecidos por CONSORCI DE MUSEUS DE LA COMUNITAT VALENCIANA contrariamente a lo dispuesto por las presentes condiciones, la Ley, la moral, las buenas costumbres o el orden p\u00fablico, o que de cualquier otro modo puedan suponer lesi\u00f3n de los derechos de terceros o del mismo funcionamiento del sitio web.<\/p>\n<p>&nbsp;<\/p>\n<p><span style=\"color: #000000;\"><strong>POL\u00cdTICA DE ENLACES Y EXENCIONES DE RESPONSABILIDAD<\/strong><\/span><\/p>\n<p>CONSORCI DE MUSEUS DE LA COMUNITAT VALENCIANA no se hace responsable del contenido de los sitios web a los que el usuario pueda acceder a trav\u00e9s de los enlaces establecidos en su sitio web y declara que en ning\u00fan caso proceder\u00e1 a examinar o ejercitar ning\u00fan tipo de control sobre el contenido de otros sitios de la red. Asimismo, tampoco garantizar\u00e1 la disponibilidad t\u00e9cnica, exactitud, veracidad, validez o legalidad de sitios ajenos a su propiedad a los que se pueda acceder por medio de los enlaces.<\/p>\n<p>CONSORCI DE MUSEUS DE LA COMUNITAT VALENCIANA declara haber adoptado todas las medidas necesarias para evitar cualquier da\u00f1o a los usuarios de su sitio web, que pudieran derivarse de la navegaci\u00f3n por su sitio web. En consecuencia, CONSORCI DE MUSEUS DE LA COMUNITAT VALENCIANA no se hace responsable, en ning\u00fan caso, de los eventuales da\u00f1os que por la navegaci\u00f3n por Internet pudiera sufrir el usuario.<\/p>\n<p>&nbsp;<\/p>\n<p><span style=\"color: #000000;\"><strong>MODIFICACIONES<\/strong><\/span><\/p>\n<p>CONSORCI DE MUSEUS DE LA COMUNITAT VALENCIANA se reserva el derecho a realizar las modificaciones que considere oportunas, sin aviso previo, en el contenido de su sitio web. Tanto en lo referente a los contenidos del sitio web, como en las condiciones de uso del mismo. Dichas modificaciones podr\u00e1n realizarse a trav\u00e9s de su sitio web por cualquier forma admisible en derecho y ser\u00e1n de obligado cumplimiento durante el tiempo en que se encuentren publicadas en la web y hasta que no sean modificadas v\u00e1lidamente por otras posteriores.<\/p>\n<p>&nbsp;<\/p>\n<p><span style=\"color: #000000;\"> <strong>PROTECCI\u00d3N DE DATOS<\/strong><\/span><\/p>\n<p>De conformidad con lo que establece la Ley Org\u00e1nica 15\/1999 de Protecci\u00f3n de Datos de Car\u00e1cter Personal (LOPD), CONSORCI DE MUSEUS DE LA COMUNITAT VALENCIANA informa a los usuarios de su sitio web que los datos personales recabados por la empresa, mediante los formularios sitos en sus p\u00e1ginas, ser\u00e1n introducidos en un fichero automatizado bajo la responsabilidad de CONSORCI DE MUSEUS DE LA COMUNITAT VALENCIANA, con la finalidad de poder facilitar, agilizar y cumplir los compromisos establecidos entre ambas partes.<\/p>\n<p>Asimismo, CONSORCI DE MUSEUS DE LA COMUNITAT VALENCIANA informa de la posibilidad de ejercer los derechos de acceso, rectificaci\u00f3n, cancelaci\u00f3n y oposici\u00f3n mediante un escrito a la direcci\u00f3n: C\/ MUSEU N\u00ba 2 (46003) VALENCIA.<\/p>\n<p>Mientras el usuario no comunique lo contrario a CONSORCI DE MUSEUS DE LA COMUNITAT VALENCIANA, \u00e9sta entender\u00e1 que sus datos no han sido modificados, que el usuario se compromete a notificar a CONSORCI DE MUSEUS DE LA COMUNITAT VALENCIANA cualquier variaci\u00f3n y que CONSORCI DE MUSEUS DE LA COMUNITAT VALENCIANA tiene el consentimiento para utilizarlos a fin de poder fidelizar la relaci\u00f3n entre las partes.<\/p>\n<p>&nbsp;<\/p>\n<p><span style=\"color: #000000;\"><strong>PROPIEDAD INTELECTUAL E INDUSTRIAL<\/strong><\/span><\/p>\n<p>CONSORCI DE MUSEUS DE LA COMUNITAT VALENCIANA por s\u00ed misma o como cesionaria, es titular de todos los derechos de propiedad intelectual e industrial de su p\u00e1gina web, as\u00ed como de los elementos contenidos en la misma (a t\u00edtulo enunciativo, im\u00e1genes, sonido, audio, v\u00eddeo, software o textos; marcas o logotipos, combinaciones de colores, estructura y dise\u00f1o, selecci\u00f3n de materiales usados, programas de ordenador necesarios para su funcionamiento, acceso y uso, etc.), titularidad de CONSORCI DE MUSEUS DE LA COMUNITAT VALENCIANA. Ser\u00e1n, por consiguiente, obras protegidas como propiedad intelectual por el ordenamiento jur\u00eddico espa\u00f1ol, si\u00e9ndoles aplicables tanto la normativa espa\u00f1ola y comunitaria en este campo, como los tratados internacionales relativos a la materia y suscritos por Espa\u00f1a.<\/p>\n<p>Todos los derechos reservados. En virtud de lo dispuesto en los art\u00edculos 8 y 32.1, p\u00e1rrafo segundo, de la Ley de Propiedad Intelectual, quedan expresamente prohibidas la reproducci\u00f3n, la distribuci\u00f3n y la comunicaci\u00f3n p\u00fablica, incluida su modalidad de puesta a disposici\u00f3n, de la totalidad o parte de los contenidos de esta p\u00e1gina web, con fines comerciales, en cualquier soporte y por cualquier medio t\u00e9cnico, sin la autorizaci\u00f3n de CONSORCI DE MUSEUS DE LA COMUNITAT VALENCIANA.<\/p>\n<p>El usuario se compromete a respetar los derechos de Propiedad Intelectual e Industrial titularidad de CONSORCI DE MUSEUS DE LA COMUNITAT VALENCIANA. Podr\u00e1 visualizar los elementos del portal e incluso imprimirlos, copiarlos y almacenarlos en el disco duro de su ordenador o en cualquier otro soporte f\u00edsico siempre y cuando sea, \u00fanica y exclusivamente, para su uso personal y privado. El usuario deber\u00e1 abstenerse de suprimir, alterar, eludir o manipular cualquier dispositivo de protecci\u00f3n o sistema de seguridad que estuviera instalado en las p\u00e1ginas de CONSORCI DE MUSEUS DE LA COMUNITAT VALENCIANA.<\/p>\n<p>&nbsp;<\/p>\n<p><span style=\"color: #000000;\"><strong>ACCIONES LEGALES, LEGISLACI\u00d3N APLICABLE Y JURISDICCI\u00d3N<\/strong><\/span><\/p>\n<p>CONSORCI DE MUSEUS DE LA COMUNITAT VALENCIANA se reserva, asimismo, la facultad de presentar las acciones civiles o penales que considere oportunas por la utilizaci\u00f3n indebida de su sitio web y contenidos, o por el incumplimiento de las presentes condiciones.<\/p>\n<p>La relaci\u00f3n entre el usuario y el prestador se regir\u00e1 por la normativa vigente y de aplicaci\u00f3n en el territorio espa\u00f1ol. De surgir cualquier controversia las partes podr\u00e1n someter sus conflictos a arbitraje o acudir a la jurisdicci\u00f3n ordinaria cumpliendo con las normas sobre jurisdicci\u00f3n y competencia al respecto. CONSORCI DE MUSEUS DE LA COMUNITAT VALENCIANA tiene su domicilio en VALENCIA, Espa\u00f1a.<\/p>\n<p>&nbsp;<\/p>\n<p><span style=\"color: #000000;\"><strong>CLAUSULAS LEGALES<\/strong><\/span><\/p>\n<p>Cl\u00e1usula informativa LOPD y LSSI-CE<\/p>\n<p>De conformidad con lo que establece la Ley Org\u00e1nica 15\/1999, de 13 de diciembre, de Protecci\u00f3n de Datos de Car\u00e1cter Personal, le informamos que sus datos ser\u00e1n incorporados a un fichero bajo la responsabilidad de CONSORCI DE MUSEUS DE LA COMUNITAT VALENCIANA con la finalidad de poder atender los compromisos derivados de la relaci\u00f3n que mantenemos con usted.<\/p>\n<p>Puede ejercer sus derechos de acceso, rectificaci\u00f3n, cancelaci\u00f3n y oposici\u00f3n mediante un escrito a nuestra direcci\u00f3n: C\/ MUSEU N\u00ba 2 (46003) VALENCIA.<\/p>\n<p>Mientras no nos comunique lo contrario, entenderemos que sus datos no han sido modificados, que usted se compromete a notificarnos cualquier variaci\u00f3n y que contamos con su consentimiento para el tratamiento de los mismos.<\/p>\n<p>Asimismo y de acuerdo con lo establecido en la Ley 34\/2002, de 11 de julio, de Servicios de la Sociedad de la Informaci\u00f3n y de Comercio Electr\u00f3nico, en su art\u00edculo 21, solicitamos tambi\u00e9n su consentimiento expreso para enviarle publicidad de nuestros productos o promociones que consideremos puedan ser de su inter\u00e9s, por correo electr\u00f3nico o por cualquier otro medio de comunicaci\u00f3n electr\u00f3nica equivalente.<\/p>\n<p>Le informamos que podr\u00e1 revocar en cualquier momento el consentimiento prestado a la recepci\u00f3n de comunicaciones comerciales enviando un e-mail a la direcci\u00f3n de correo electr\u00f3nico: consorcidemuseus@gva.es<br \/>\n[\/vc_column_text][\/vc_column][\/vc_row]<\/p>\n<\/div>","protected":false},"excerpt":{"rendered":"<p>[vc_row][vc_column][vc_column_text]POL\u00cdTICA DE COOKIES Seg\u00fan lo dispuesto en el art\u00edculo 22.2 de la Ley 34\/2002, de 11 de julio, de Servicios de la Sociedad de la Informaci\u00f3n y de Comercio Electr\u00f3nico (LSSI-CE), CONSORCI DE MUSEUS DE LA COMUNITAT VALENCIANA informa que este sitio web utiliza cookies propias y de terceros para recopilar informaci\u00f3n con la finalidad&hellip;<\/p>\n","protected":false},"author":2,"featured_media":0,"parent":0,"menu_order":0,"comment_status":"closed","ping_status":"closed","template":"","meta":{"footnotes":""},"class_list":["post-33","page","type-page","status-publish","hentry","description-off"],"yoast_head":"<!-- This site is optimized with the Yoast SEO plugin v27.3 - https:\/\/yoast.com\/product\/yoast-seo-wordpress\/ -->\n<title>Pol\u00edtica de cookies - Resist\u00e8ncies Art\u00edstiques CMCV<\/title>\n<meta name=\"robots\" content=\"noindex, nofollow\" \/>\n<meta property=\"og:locale\" content=\"es_ES\" \/>\n<meta property=\"og:type\" content=\"article\" \/>\n<meta property=\"og:title\" content=\"Pol\u00edtica de cookies - Resist\u00e8ncies Art\u00edstiques CMCV\" \/>\n<meta property=\"og:description\" content=\"[vc_row][vc_column][vc_column_text]POL\u00cdTICA DE COOKIES Seg\u00fan lo dispuesto en el art\u00edculo 22.2 de la Ley 34\/2002, de 11 de julio, de Servicios de la Sociedad de la Informaci\u00f3n y de Comercio Electr\u00f3nico (LSSI-CE), CONSORCI DE MUSEUS DE LA COMUNITAT VALENCIANA informa que este sitio web utiliza cookies propias y de terceros para recopilar informaci\u00f3n con la finalidad&hellip;\" \/>\n<meta property=\"og:url\" content=\"https:\/\/resistencies.consorcimuseus.gva.es\/es\/politica-de-cookies\/\" \/>\n<meta property=\"og:site_name\" content=\"Resist\u00e8ncies Art\u00edstiques CMCV\" \/>\n<meta name=\"twitter:card\" content=\"summary_large_image\" \/>\n<meta name=\"twitter:label1\" content=\"Tiempo de lectura\" \/>\n\t<meta name=\"twitter:data1\" content=\"9 minutos\" \/>\n<script type=\"application\/ld+json\" class=\"yoast-schema-graph\">{\"@context\":\"https:\\\/\\\/schema.org\",\"@graph\":[{\"@type\":\"WebPage\",\"@id\":\"https:\\\/\\\/resistencies.consorcimuseus.gva.es\\\/es\\\/politica-de-cookies\\\/\",\"url\":\"https:\\\/\\\/resistencies.consorcimuseus.gva.es\\\/es\\\/politica-de-cookies\\\/\",\"name\":\"Pol\u00edtica de cookies - Resist\u00e8ncies Art\u00edstiques CMCV\",\"isPartOf\":{\"@id\":\"https:\\\/\\\/resistencies.consorcimuseus.gva.es\\\/#website\"},\"datePublished\":\"2020-03-20T08:44:38+00:00\",\"breadcrumb\":{\"@id\":\"https:\\\/\\\/resistencies.consorcimuseus.gva.es\\\/es\\\/politica-de-cookies\\\/#breadcrumb\"},\"inLanguage\":\"es\",\"potentialAction\":[{\"@type\":\"ReadAction\",\"target\":[\"https:\\\/\\\/resistencies.consorcimuseus.gva.es\\\/es\\\/politica-de-cookies\\\/\"]}]},{\"@type\":\"BreadcrumbList\",\"@id\":\"https:\\\/\\\/resistencies.consorcimuseus.gva.es\\\/es\\\/politica-de-cookies\\\/#breadcrumb\",\"itemListElement\":[{\"@type\":\"ListItem\",\"position\":1,\"name\":\"Inici\",\"item\":\"https:\\\/\\\/resistencies.consorcimuseus.gva.es\\\/es\\\/\"},{\"@type\":\"ListItem\",\"position\":2,\"name\":\"Pol\u00edtica de cookies\"}]},{\"@type\":\"WebSite\",\"@id\":\"https:\\\/\\\/resistencies.consorcimuseus.gva.es\\\/#website\",\"url\":\"https:\\\/\\\/resistencies.consorcimuseus.gva.es\\\/\",\"name\":\"Resist\u00e8ncies Art\u00edstiques CMCV\",\"description\":\"\",\"publisher\":{\"@id\":\"https:\\\/\\\/resistencies.consorcimuseus.gva.es\\\/#organization\"},\"potentialAction\":[{\"@type\":\"SearchAction\",\"target\":{\"@type\":\"EntryPoint\",\"urlTemplate\":\"https:\\\/\\\/resistencies.consorcimuseus.gva.es\\\/?s={search_term_string}\"},\"query-input\":{\"@type\":\"PropertyValueSpecification\",\"valueRequired\":true,\"valueName\":\"search_term_string\"}}],\"inLanguage\":\"es\"},{\"@type\":\"Organization\",\"@id\":\"https:\\\/\\\/resistencies.consorcimuseus.gva.es\\\/#organization\",\"name\":\"Resist\u00e8ncies Art\u00edstiques - CMCV\",\"url\":\"https:\\\/\\\/resistencies.consorcimuseus.gva.es\\\/\",\"logo\":{\"@type\":\"ImageObject\",\"inLanguage\":\"es\",\"@id\":\"https:\\\/\\\/resistencies.consorcimuseus.gva.es\\\/#\\\/schema\\\/logo\\\/image\\\/\",\"url\":\"https:\\\/\\\/resistencies.consorcimuseus.gva.es\\\/wp-content\\\/uploads\\\/2020\\\/03\\\/logo-consorci-museus.jpg\",\"contentUrl\":\"https:\\\/\\\/resistencies.consorcimuseus.gva.es\\\/wp-content\\\/uploads\\\/2020\\\/03\\\/logo-consorci-museus.jpg\",\"width\":122,\"height\":108,\"caption\":\"Resist\u00e8ncies Art\u00edstiques - CMCV\"},\"image\":{\"@id\":\"https:\\\/\\\/resistencies.consorcimuseus.gva.es\\\/#\\\/schema\\\/logo\\\/image\\\/\"}}]}<\/script>\n<!-- \/ Yoast SEO plugin. -->","yoast_head_json":{"title":"Pol\u00edtica de cookies - Resist\u00e8ncies Art\u00edstiques CMCV","robots":{"index":"noindex","follow":"nofollow"},"og_locale":"es_ES","og_type":"article","og_title":"Pol\u00edtica de cookies - Resist\u00e8ncies Art\u00edstiques CMCV","og_description":"[vc_row][vc_column][vc_column_text]POL\u00cdTICA DE COOKIES Seg\u00fan lo dispuesto en el art\u00edculo 22.2 de la Ley 34\/2002, de 11 de julio, de Servicios de la Sociedad de la Informaci\u00f3n y de Comercio Electr\u00f3nico (LSSI-CE), CONSORCI DE MUSEUS DE LA COMUNITAT VALENCIANA informa que este sitio web utiliza cookies propias y de terceros para recopilar informaci\u00f3n con la finalidad&hellip;","og_url":"https:\/\/resistencies.consorcimuseus.gva.es\/es\/politica-de-cookies\/","og_site_name":"Resist\u00e8ncies Art\u00edstiques CMCV","twitter_card":"summary_large_image","twitter_misc":{"Tiempo de lectura":"9 minutos"},"schema":{"@context":"https:\/\/schema.org","@graph":[{"@type":"WebPage","@id":"https:\/\/resistencies.consorcimuseus.gva.es\/es\/politica-de-cookies\/","url":"https:\/\/resistencies.consorcimuseus.gva.es\/es\/politica-de-cookies\/","name":"Pol\u00edtica de cookies - Resist\u00e8ncies Art\u00edstiques CMCV","isPartOf":{"@id":"https:\/\/resistencies.consorcimuseus.gva.es\/#website"},"datePublished":"2020-03-20T08:44:38+00:00","breadcrumb":{"@id":"https:\/\/resistencies.consorcimuseus.gva.es\/es\/politica-de-cookies\/#breadcrumb"},"inLanguage":"es","potentialAction":[{"@type":"ReadAction","target":["https:\/\/resistencies.consorcimuseus.gva.es\/es\/politica-de-cookies\/"]}]},{"@type":"BreadcrumbList","@id":"https:\/\/resistencies.consorcimuseus.gva.es\/es\/politica-de-cookies\/#breadcrumb","itemListElement":[{"@type":"ListItem","position":1,"name":"Inici","item":"https:\/\/resistencies.consorcimuseus.gva.es\/es\/"},{"@type":"ListItem","position":2,"name":"Pol\u00edtica de cookies"}]},{"@type":"WebSite","@id":"https:\/\/resistencies.consorcimuseus.gva.es\/#website","url":"https:\/\/resistencies.consorcimuseus.gva.es\/","name":"Resist\u00e8ncies Art\u00edstiques CMCV","description":"","publisher":{"@id":"https:\/\/resistencies.consorcimuseus.gva.es\/#organization"},"potentialAction":[{"@type":"SearchAction","target":{"@type":"EntryPoint","urlTemplate":"https:\/\/resistencies.consorcimuseus.gva.es\/?s={search_term_string}"},"query-input":{"@type":"PropertyValueSpecification","valueRequired":true,"valueName":"search_term_string"}}],"inLanguage":"es"},{"@type":"Organization","@id":"https:\/\/resistencies.consorcimuseus.gva.es\/#organization","name":"Resist\u00e8ncies Art\u00edstiques - CMCV","url":"https:\/\/resistencies.consorcimuseus.gva.es\/","logo":{"@type":"ImageObject","inLanguage":"es","@id":"https:\/\/resistencies.consorcimuseus.gva.es\/#\/schema\/logo\/image\/","url":"https:\/\/resistencies.consorcimuseus.gva.es\/wp-content\/uploads\/2020\/03\/logo-consorci-museus.jpg","contentUrl":"https:\/\/resistencies.consorcimuseus.gva.es\/wp-content\/uploads\/2020\/03\/logo-consorci-museus.jpg","width":122,"height":108,"caption":"Resist\u00e8ncies Art\u00edstiques - CMCV"},"image":{"@id":"https:\/\/resistencies.consorcimuseus.gva.es\/#\/schema\/logo\/image\/"}}]}},"_links":{"self":[{"href":"https:\/\/resistencies.consorcimuseus.gva.es\/es\/wp-json\/wp\/v2\/pages\/33","targetHints":{"allow":["GET"]}}],"collection":[{"href":"https:\/\/resistencies.consorcimuseus.gva.es\/es\/wp-json\/wp\/v2\/pages"}],"about":[{"href":"https:\/\/resistencies.consorcimuseus.gva.es\/es\/wp-json\/wp\/v2\/types\/page"}],"author":[{"embeddable":true,"href":"https:\/\/resistencies.consorcimuseus.gva.es\/es\/wp-json\/wp\/v2\/users\/2"}],"replies":[{"embeddable":true,"href":"https:\/\/resistencies.consorcimuseus.gva.es\/es\/wp-json\/wp\/v2\/comments?post=33"}],"version-history":[{"count":0,"href":"https:\/\/resistencies.consorcimuseus.gva.es\/es\/wp-json\/wp\/v2\/pages\/33\/revisions"}],"wp:attachment":[{"href":"https:\/\/resistencies.consorcimuseus.gva.es\/es\/wp-json\/wp\/v2\/media?parent=33"}],"curies":[{"name":"wp","href":"https:\/\/api.w.org\/{rel}","templated":true}]}}