{"id":547,"date":"2020-01-12T10:56:27","date_gmt":"2020-01-12T09:56:27","guid":{"rendered":"https:\/\/sresistencia.local\/?page_id=547"},"modified":"2021-01-27T13:15:09","modified_gmt":"2021-01-27T12:15:09","slug":"resistencias-artisticas-resoluciones","status":"publish","type":"page","link":"https:\/\/resistencies.consorcimuseus.gva.es\/es\/resistencias-artisticas-resoluciones\/","title":{"rendered":"Resistencias Art\u00edsticas &#8211; Resoluciones"},"content":{"rendered":"<div class=\"wpb-content-wrapper\"><p>[vc_row full_width=\u00bbstretch_row_content_no_spaces\u00bb css=\u00bb.vc_custom_1584810794226{margin-top: -50px !important;margin-bottom: -20px !important;}\u00bb][vc_column][vc_single_image image=\u00bb95&#8243; img_size=\u00bbfull\u00bb image_hovers=\u00bbfalse\u00bb][\/vc_column][\/vc_row][vc_row][vc_column][vc_separator color=\u00bbblack\u00bb border_width=\u00bb4&#8243;][\/vc_column][\/vc_row][vc_row css=\u00bb.vc_custom_1584859224202{margin-top: 30px !important;}\u00bb][vc_column][vc_column_text el_class=\u00bbtitulo-seccion-home\u00bb]<\/p>\n<h2 style=\"text-align: center;\">Resoluciones<\/h2>\n<p>[\/vc_column_text][vc_empty_space][\/vc_column][\/vc_row][vc_row][vc_column width=\u00bb5\/6&#8243; offset=\u00bbvc_col-lg-offset-2 vc_col-lg-8 vc_col-md-offset-2 vc_col-md-8 vc_col-sm-offset-1 vc_col-xs-offset-1 vc_col-xs-10&#8243;][vc_row_inner][vc_column_inner width=\u00bb1\/4&#8243;]<style type=\"text\/css\" data-type=\"the7_shortcodes-inline-css\">#default-btn-09fef8debd7ff564b60909742379fc17.ico-right-side > i {\n  margin-right: 0px;\n  margin-left: 12px;\n}\n#default-btn-09fef8debd7ff564b60909742379fc17 > i {\n  margin-right: 12px;\n}<\/style><div class=\"btn-align-center\"><a href=\"https:\/\/www.consorcimuseus.gva.es\/wp-content\/uploads\/2020\/07\/BASES_RESISTENCIES_RESOLU_CAST_20.pdf\" class=\"default-btn-shortcode dt-btn dt-btn-m link-hover-off ico-right-side full-width-btn \" target=\"_blank\" id=\"default-btn-09fef8debd7ff564b60909742379fc17\" title=\"2020 - 2021\" rel=\"nofollow\"><span>2020 &#8211; 2021<\/span><i class=\"Defaults-download\"><\/i><\/a><\/div>[vc_empty_space height=\u00bb20px\u00bb][\/vc_column_inner][vc_column_inner width=\u00bb1\/4&#8243;]<style type=\"text\/css\" data-type=\"the7_shortcodes-inline-css\">#default-btn-7cbc4b45f61d92d86b8cce9c3483722c.ico-right-side > i {\n  margin-right: 0px;\n  margin-left: 12px;\n}\n#default-btn-7cbc4b45f61d92d86b8cce9c3483722c > i {\n  margin-right: 12px;\n}<\/style><div class=\"btn-align-center\"><a href=\"https:\/\/www.consorcimuseus.gva.es\/wp-content\/uploads\/2019\/10\/BASES_RESISTENCIES_RESOLUCIO_CAST_3.pdf\" class=\"default-btn-shortcode dt-btn dt-btn-m link-hover-off ico-right-side full-width-btn \" target=\"_blank\" id=\"default-btn-7cbc4b45f61d92d86b8cce9c3483722c\" title=\"2019 - 2020\" rel=\"nofollow\"><span>2019 &#8211; 2020<\/span><i class=\"Defaults-download\"><\/i><\/a><\/div>[vc_empty_space height=\u00bb20px\u00bb][\/vc_column_inner][vc_column_inner width=\u00bb1\/4&#8243;]<style type=\"text\/css\" data-type=\"the7_shortcodes-inline-css\">#default-btn-256d001856df5a2bdc85b675f159154c.ico-right-side > i {\n  margin-right: 0px;\n  margin-left: 12px;\n}\n#default-btn-256d001856df5a2bdc85b675f159154c > i {\n  margin-right: 12px;\n}<\/style><div class=\"btn-align-center\"><a href=\"https:\/\/www.consorcimuseus.gva.es\/centro-del-carmen\/wp-content\/uploads\/sites\/2\/2018\/06\/BASES_RESISTENCIES_RESOLUCIO_VAL_2.pdf\" class=\"default-btn-shortcode dt-btn dt-btn-m link-hover-off ico-right-side full-width-btn \" target=\"_blank\" id=\"default-btn-256d001856df5a2bdc85b675f159154c\" title=\"2018 - 2019\" rel=\"nofollow\"><span>2018 &#8211; 2019<\/span><i class=\"Defaults-download\"><\/i><\/a><\/div>[vc_empty_space height=\u00bb20px\u00bb][\/vc_column_inner][vc_column_inner width=\u00bb1\/4&#8243;]<style type=\"text\/css\" data-type=\"the7_shortcodes-inline-css\">#default-btn-82e9b3455e9ac4452739655acfd58ea2.ico-right-side > i {\n  margin-right: 0px;\n  margin-left: 12px;\n}\n#default-btn-82e9b3455e9ac4452739655acfd58ea2 > i {\n  margin-right: 12px;\n}<\/style><div class=\"btn-align-center\"><a href=\"https:\/\/www.consorcimuseus.gva.es\/wp-content\/uploads\/2017\/04\/Proyectos-seleccionados-Resistencies-val.pdf\" class=\"default-btn-shortcode dt-btn dt-btn-m link-hover-off ico-right-side full-width-btn \" target=\"_blank\" id=\"default-btn-82e9b3455e9ac4452739655acfd58ea2\" title=\"2017 - 2018\" rel=\"nofollow\"><span>2017 &#8211; 2018<\/span><i class=\"Defaults-download\"><\/i><\/a><\/div>[vc_empty_space height=\u00bb20px\u00bb][\/vc_column_inner][\/vc_row_inner][\/vc_column][\/vc_row]<\/p>\n<\/div>","protected":false},"excerpt":{"rendered":"<p>[vc_row full_width=\u00bbstretch_row_content_no_spaces\u00bb css=\u00bb.vc_custom_1584810794226{margin-top: -50px !important;margin-bottom: -20px !important;}\u00bb][vc_column][vc_single_image image=\u00bb95&#8243; img_size=\u00bbfull\u00bb image_hovers=\u00bbfalse\u00bb][\/vc_column][\/vc_row][vc_row][vc_column][vc_separator color=\u00bbblack\u00bb border_width=\u00bb4&#8243;][\/vc_column][\/vc_row][vc_row css=\u00bb.vc_custom_1584859224202{margin-top: 30px !important;}\u00bb][vc_column][vc_column_text el_class=\u00bbtitulo-seccion-home\u00bb] Resoluciones [\/vc_column_text][vc_empty_space][\/vc_column][\/vc_row][vc_row][vc_column width=\u00bb5\/6&#8243; offset=\u00bbvc_col-lg-offset-2 vc_col-lg-8 vc_col-md-offset-2 vc_col-md-8 vc_col-sm-offset-1 vc_col-xs-offset-1 vc_col-xs-10&#8243;][vc_row_inner][vc_column_inner width=\u00bb1\/4&#8243;][vc_empty_space height=\u00bb20px\u00bb][\/vc_column_inner][vc_column_inner width=\u00bb1\/4&#8243;][vc_empty_space height=\u00bb20px\u00bb][\/vc_column_inner][vc_column_inner width=\u00bb1\/4&#8243;][vc_empty_space height=\u00bb20px\u00bb][\/vc_column_inner][vc_column_inner width=\u00bb1\/4&#8243;][vc_empty_space height=\u00bb20px\u00bb][\/vc_column_inner][\/vc_row_inner][\/vc_column][\/vc_row]<\/p>\n","protected":false},"author":2,"featured_media":0,"parent":0,"menu_order":0,"comment_status":"closed","ping_status":"closed","template":"","meta":{"footnotes":""},"class_list":["post-547","page","type-page","status-publish","hentry","description-off"],"yoast_head":"<!-- This site is optimized with the Yoast SEO plugin v27.3 - https:\/\/yoast.com\/product\/yoast-seo-wordpress\/ -->\n<title>Resistencias Art\u00edsticas - Resoluciones - Resist\u00e8ncies Art\u00edstiques CMCV<\/title>\n<meta name=\"robots\" content=\"index, follow, max-snippet:-1, max-image-preview:large, max-video-preview:-1\" \/>\n<link rel=\"canonical\" href=\"https:\/\/resistencies.consorcimuseus.gva.es\/es\/resistencias-artisticas-resoluciones\/\" \/>\n<meta property=\"og:locale\" content=\"es_ES\" \/>\n<meta property=\"og:type\" content=\"article\" \/>\n<meta property=\"og:title\" content=\"Resistencias Art\u00edsticas - Resoluciones - Resist\u00e8ncies Art\u00edstiques CMCV\" \/>\n<meta property=\"og:description\" content=\"[vc_row full_width=\u00bbstretch_row_content_no_spaces\u00bb css=\u00bb.vc_custom_1584810794226{margin-top: -50px !important;margin-bottom: -20px !important;}\u00bb][vc_column][vc_single_image image=\u00bb95&#8243; img_size=\u00bbfull\u00bb image_hovers=\u00bbfalse\u00bb][\/vc_column][\/vc_row][vc_row][vc_column][vc_separator color=\u00bbblack\u00bb border_width=\u00bb4&#8243;][\/vc_column][\/vc_row][vc_row css=\u00bb.vc_custom_1584859224202{margin-top: 30px !important;}\u00bb][vc_column][vc_column_text el_class=\u00bbtitulo-seccion-home\u00bb] Resoluciones [\/vc_column_text][vc_empty_space][\/vc_column][\/vc_row][vc_row][vc_column width=\u00bb5\/6&#8243; offset=\u00bbvc_col-lg-offset-2 vc_col-lg-8 vc_col-md-offset-2 vc_col-md-8 vc_col-sm-offset-1 vc_col-xs-offset-1 vc_col-xs-10&#8243;][vc_row_inner][vc_column_inner width=\u00bb1\/4&#8243;][vc_empty_space height=\u00bb20px\u00bb][\/vc_column_inner][vc_column_inner width=\u00bb1\/4&#8243;][vc_empty_space height=\u00bb20px\u00bb][\/vc_column_inner][vc_column_inner width=\u00bb1\/4&#8243;][vc_empty_space height=\u00bb20px\u00bb][\/vc_column_inner][vc_column_inner width=\u00bb1\/4&#8243;][vc_empty_space height=\u00bb20px\u00bb][\/vc_column_inner][\/vc_row_inner][\/vc_column][\/vc_row]\" \/>\n<meta property=\"og:url\" content=\"https:\/\/resistencies.consorcimuseus.gva.es\/es\/resistencias-artisticas-resoluciones\/\" \/>\n<meta property=\"og:site_name\" content=\"Resist\u00e8ncies Art\u00edstiques CMCV\" \/>\n<meta property=\"article:modified_time\" content=\"2021-01-27T12:15:09+00:00\" \/>\n<meta name=\"twitter:card\" content=\"summary_large_image\" \/>\n<meta name=\"twitter:label1\" content=\"Tiempo de lectura\" \/>\n\t<meta name=\"twitter:data1\" content=\"2 minutos\" \/>\n<script type=\"application\/ld+json\" class=\"yoast-schema-graph\">{\"@context\":\"https:\\\/\\\/schema.org\",\"@graph\":[{\"@type\":\"WebPage\",\"@id\":\"https:\\\/\\\/resistencies.consorcimuseus.gva.es\\\/es\\\/resistencias-artisticas-resoluciones\\\/\",\"url\":\"https:\\\/\\\/resistencies.consorcimuseus.gva.es\\\/es\\\/resistencias-artisticas-resoluciones\\\/\",\"name\":\"Resistencias Art\u00edsticas - Resoluciones - Resist\u00e8ncies Art\u00edstiques CMCV\",\"isPartOf\":{\"@id\":\"https:\\\/\\\/resistencies.consorcimuseus.gva.es\\\/#website\"},\"datePublished\":\"2020-01-12T09:56:27+00:00\",\"dateModified\":\"2021-01-27T12:15:09+00:00\",\"breadcrumb\":{\"@id\":\"https:\\\/\\\/resistencies.consorcimuseus.gva.es\\\/es\\\/resistencias-artisticas-resoluciones\\\/#breadcrumb\"},\"inLanguage\":\"es\",\"potentialAction\":[{\"@type\":\"ReadAction\",\"target\":[\"https:\\\/\\\/resistencies.consorcimuseus.gva.es\\\/es\\\/resistencias-artisticas-resoluciones\\\/\"]}]},{\"@type\":\"BreadcrumbList\",\"@id\":\"https:\\\/\\\/resistencies.consorcimuseus.gva.es\\\/es\\\/resistencias-artisticas-resoluciones\\\/#breadcrumb\",\"itemListElement\":[{\"@type\":\"ListItem\",\"position\":1,\"name\":\"Inici\",\"item\":\"https:\\\/\\\/resistencies.consorcimuseus.gva.es\\\/es\\\/\"},{\"@type\":\"ListItem\",\"position\":2,\"name\":\"Resistencias Art\u00edsticas &#8211; Resoluciones\"}]},{\"@type\":\"WebSite\",\"@id\":\"https:\\\/\\\/resistencies.consorcimuseus.gva.es\\\/#website\",\"url\":\"https:\\\/\\\/resistencies.consorcimuseus.gva.es\\\/\",\"name\":\"Resist\u00e8ncies Art\u00edstiques CMCV\",\"description\":\"\",\"publisher\":{\"@id\":\"https:\\\/\\\/resistencies.consorcimuseus.gva.es\\\/#organization\"},\"potentialAction\":[{\"@type\":\"SearchAction\",\"target\":{\"@type\":\"EntryPoint\",\"urlTemplate\":\"https:\\\/\\\/resistencies.consorcimuseus.gva.es\\\/?s={search_term_string}\"},\"query-input\":{\"@type\":\"PropertyValueSpecification\",\"valueRequired\":true,\"valueName\":\"search_term_string\"}}],\"inLanguage\":\"es\"},{\"@type\":\"Organization\",\"@id\":\"https:\\\/\\\/resistencies.consorcimuseus.gva.es\\\/#organization\",\"name\":\"Resist\u00e8ncies Art\u00edstiques - CMCV\",\"url\":\"https:\\\/\\\/resistencies.consorcimuseus.gva.es\\\/\",\"logo\":{\"@type\":\"ImageObject\",\"inLanguage\":\"es\",\"@id\":\"https:\\\/\\\/resistencies.consorcimuseus.gva.es\\\/#\\\/schema\\\/logo\\\/image\\\/\",\"url\":\"https:\\\/\\\/resistencies.consorcimuseus.gva.es\\\/wp-content\\\/uploads\\\/2020\\\/03\\\/logo-consorci-museus.jpg\",\"contentUrl\":\"https:\\\/\\\/resistencies.consorcimuseus.gva.es\\\/wp-content\\\/uploads\\\/2020\\\/03\\\/logo-consorci-museus.jpg\",\"width\":122,\"height\":108,\"caption\":\"Resist\u00e8ncies Art\u00edstiques - CMCV\"},\"image\":{\"@id\":\"https:\\\/\\\/resistencies.consorcimuseus.gva.es\\\/#\\\/schema\\\/logo\\\/image\\\/\"}}]}<\/script>\n<!-- \/ Yoast SEO plugin. -->","yoast_head_json":{"title":"Resistencias Art\u00edsticas - Resoluciones - Resist\u00e8ncies Art\u00edstiques CMCV","robots":{"index":"index","follow":"follow","max-snippet":"max-snippet:-1","max-image-preview":"max-image-preview:large","max-video-preview":"max-video-preview:-1"},"canonical":"https:\/\/resistencies.consorcimuseus.gva.es\/es\/resistencias-artisticas-resoluciones\/","og_locale":"es_ES","og_type":"article","og_title":"Resistencias Art\u00edsticas - Resoluciones - Resist\u00e8ncies Art\u00edstiques CMCV","og_description":"[vc_row full_width=\u00bbstretch_row_content_no_spaces\u00bb css=\u00bb.vc_custom_1584810794226{margin-top: -50px !important;margin-bottom: -20px !important;}\u00bb][vc_column][vc_single_image image=\u00bb95&#8243; img_size=\u00bbfull\u00bb image_hovers=\u00bbfalse\u00bb][\/vc_column][\/vc_row][vc_row][vc_column][vc_separator color=\u00bbblack\u00bb border_width=\u00bb4&#8243;][\/vc_column][\/vc_row][vc_row css=\u00bb.vc_custom_1584859224202{margin-top: 30px !important;}\u00bb][vc_column][vc_column_text el_class=\u00bbtitulo-seccion-home\u00bb] Resoluciones [\/vc_column_text][vc_empty_space][\/vc_column][\/vc_row][vc_row][vc_column width=\u00bb5\/6&#8243; offset=\u00bbvc_col-lg-offset-2 vc_col-lg-8 vc_col-md-offset-2 vc_col-md-8 vc_col-sm-offset-1 vc_col-xs-offset-1 vc_col-xs-10&#8243;][vc_row_inner][vc_column_inner width=\u00bb1\/4&#8243;][vc_empty_space height=\u00bb20px\u00bb][\/vc_column_inner][vc_column_inner width=\u00bb1\/4&#8243;][vc_empty_space height=\u00bb20px\u00bb][\/vc_column_inner][vc_column_inner width=\u00bb1\/4&#8243;][vc_empty_space height=\u00bb20px\u00bb][\/vc_column_inner][vc_column_inner width=\u00bb1\/4&#8243;][vc_empty_space height=\u00bb20px\u00bb][\/vc_column_inner][\/vc_row_inner][\/vc_column][\/vc_row]","og_url":"https:\/\/resistencies.consorcimuseus.gva.es\/es\/resistencias-artisticas-resoluciones\/","og_site_name":"Resist\u00e8ncies Art\u00edstiques CMCV","article_modified_time":"2021-01-27T12:15:09+00:00","twitter_card":"summary_large_image","twitter_misc":{"Tiempo de lectura":"2 minutos"},"schema":{"@context":"https:\/\/schema.org","@graph":[{"@type":"WebPage","@id":"https:\/\/resistencies.consorcimuseus.gva.es\/es\/resistencias-artisticas-resoluciones\/","url":"https:\/\/resistencies.consorcimuseus.gva.es\/es\/resistencias-artisticas-resoluciones\/","name":"Resistencias Art\u00edsticas - Resoluciones - Resist\u00e8ncies Art\u00edstiques CMCV","isPartOf":{"@id":"https:\/\/resistencies.consorcimuseus.gva.es\/#website"},"datePublished":"2020-01-12T09:56:27+00:00","dateModified":"2021-01-27T12:15:09+00:00","breadcrumb":{"@id":"https:\/\/resistencies.consorcimuseus.gva.es\/es\/resistencias-artisticas-resoluciones\/#breadcrumb"},"inLanguage":"es","potentialAction":[{"@type":"ReadAction","target":["https:\/\/resistencies.consorcimuseus.gva.es\/es\/resistencias-artisticas-resoluciones\/"]}]},{"@type":"BreadcrumbList","@id":"https:\/\/resistencies.consorcimuseus.gva.es\/es\/resistencias-artisticas-resoluciones\/#breadcrumb","itemListElement":[{"@type":"ListItem","position":1,"name":"Inici","item":"https:\/\/resistencies.consorcimuseus.gva.es\/es\/"},{"@type":"ListItem","position":2,"name":"Resistencias Art\u00edsticas &#8211; Resoluciones"}]},{"@type":"WebSite","@id":"https:\/\/resistencies.consorcimuseus.gva.es\/#website","url":"https:\/\/resistencies.consorcimuseus.gva.es\/","name":"Resist\u00e8ncies Art\u00edstiques CMCV","description":"","publisher":{"@id":"https:\/\/resistencies.consorcimuseus.gva.es\/#organization"},"potentialAction":[{"@type":"SearchAction","target":{"@type":"EntryPoint","urlTemplate":"https:\/\/resistencies.consorcimuseus.gva.es\/?s={search_term_string}"},"query-input":{"@type":"PropertyValueSpecification","valueRequired":true,"valueName":"search_term_string"}}],"inLanguage":"es"},{"@type":"Organization","@id":"https:\/\/resistencies.consorcimuseus.gva.es\/#organization","name":"Resist\u00e8ncies Art\u00edstiques - CMCV","url":"https:\/\/resistencies.consorcimuseus.gva.es\/","logo":{"@type":"ImageObject","inLanguage":"es","@id":"https:\/\/resistencies.consorcimuseus.gva.es\/#\/schema\/logo\/image\/","url":"https:\/\/resistencies.consorcimuseus.gva.es\/wp-content\/uploads\/2020\/03\/logo-consorci-museus.jpg","contentUrl":"https:\/\/resistencies.consorcimuseus.gva.es\/wp-content\/uploads\/2020\/03\/logo-consorci-museus.jpg","width":122,"height":108,"caption":"Resist\u00e8ncies Art\u00edstiques - CMCV"},"image":{"@id":"https:\/\/resistencies.consorcimuseus.gva.es\/#\/schema\/logo\/image\/"}}]}},"_links":{"self":[{"href":"https:\/\/resistencies.consorcimuseus.gva.es\/es\/wp-json\/wp\/v2\/pages\/547","targetHints":{"allow":["GET"]}}],"collection":[{"href":"https:\/\/resistencies.consorcimuseus.gva.es\/es\/wp-json\/wp\/v2\/pages"}],"about":[{"href":"https:\/\/resistencies.consorcimuseus.gva.es\/es\/wp-json\/wp\/v2\/types\/page"}],"author":[{"embeddable":true,"href":"https:\/\/resistencies.consorcimuseus.gva.es\/es\/wp-json\/wp\/v2\/users\/2"}],"replies":[{"embeddable":true,"href":"https:\/\/resistencies.consorcimuseus.gva.es\/es\/wp-json\/wp\/v2\/comments?post=547"}],"version-history":[{"count":0,"href":"https:\/\/resistencies.consorcimuseus.gva.es\/es\/wp-json\/wp\/v2\/pages\/547\/revisions"}],"wp:attachment":[{"href":"https:\/\/resistencies.consorcimuseus.gva.es\/es\/wp-json\/wp\/v2\/media?parent=547"}],"curies":[{"name":"wp","href":"https:\/\/api.w.org\/{rel}","templated":true}]}}